{"id":2895,"date":"2025-08-20T15:34:02","date_gmt":"2025-08-20T13:34:02","guid":{"rendered":"https:\/\/dp-plomb.fr\/?post_type=product&#038;p=2895"},"modified":"2026-03-20T10:03:54","modified_gmt":"2026-03-20T09:03:54","slug":"plomb-grippa-copie","status":"publish","type":"product","link":"https:\/\/dp-plomb.fr\/?product=plomb-grippa-copie","title":{"rendered":"Plomb Grippa"},"content":{"rendered":"<h3 data-start=\"141\" data-end=\"207\"><strong data-start=\"145\" data-end=\"205\">Plomb Grippa \u2013 Stabilit\u00e9 et Fiabilit\u00e9 sur Tous les Fonds<\/strong><\/h3>\n<p data-start=\"209\" data-end=\"624\">Le <strong data-start=\"212\" data-end=\"228\">plomb Grippa<\/strong> est un incontournable pour les p\u00eacheurs exigeants recherchant une <strong data-start=\"295\" data-end=\"313\">tenue optimale<\/strong> de leur montage, m\u00eame dans des conditions difficiles. Sa conception sp\u00e9cifique, dot\u00e9e de reliefs marqu\u00e9s et d\u2019ar\u00eates \u00e9tudi\u00e9es, lui permet de s\u2019ancrer solidement sur le fond, emp\u00eachant toute d\u00e9rive, que ce soit en <strong data-start=\"527\" data-end=\"561\">rivi\u00e8re avec de forts courants<\/strong> ou sur des <strong data-start=\"573\" data-end=\"621\">plans d\u2019eau pr\u00e9sentant des pentes prononc\u00e9es<\/strong>.<\/p>\n<p data-start=\"626\" data-end=\"928\">Gr\u00e2ce \u00e0 cette stabilit\u00e9 renforc\u00e9e, le plomb Grippa assure une <strong data-start=\"688\" data-end=\"722\">pr\u00e9sentation id\u00e9ale de l\u2019app\u00e2t<\/strong>, augmentant significativement vos chances de r\u00e9ussite. Il est particuli\u00e8rement appr\u00e9ci\u00e9 pour la <strong data-start=\"819\" data-end=\"840\">p\u00eache de la carpe<\/strong>, mais convient \u00e9galement \u00e0 d\u2019autres pratiques n\u00e9cessitant un maintien s\u00fbr du montage.<\/p>\n<p data-start=\"930\" data-end=\"1218\">Fabriqu\u00e9 avec une grande rigueur, le plomb Grippa est disponible en plusieurs grammages afin de s\u2019adapter \u00e0 toutes les situations et \u00e0 tous les types de postes. Son efficacit\u00e9 et sa fiabilit\u00e9 en font un <strong data-start=\"1133\" data-end=\"1156\">alli\u00e9 indispensable<\/strong> pour les p\u00eacheurs passionn\u00e9s comme pour les professionnels.<\/p>\n","protected":false},"excerpt":{"rendered":"<p>Le plomb <strong data-start=\"108\" data-end=\"118\">Grippa<\/strong> est sp\u00e9cialement con\u00e7u pour garantir une <strong data-start=\"160\" data-end=\"190\">tenue parfaite sur le fond<\/strong>, m\u00eame dans les courants les plus puissants ou sur des pentes marqu\u00e9es. Gr\u00e2ce \u00e0 ses ar\u00eates et sa forme particuli\u00e8re, il s\u2019ancre solidement au sol et emp\u00eache la ligne de d\u00e9river.<\/p>\n","protected":false},"featured_media":2841,"comment_status":"open","ping_status":"closed","template":"","meta":[],"product_brand":[],"product_cat":[36],"product_tag":[],"class_list":{"0":"post-2895","1":"product","2":"type-product","3":"status-publish","4":"has-post-thumbnail","6":"product_cat-plomb","8":"first","9":"instock","10":"taxable","11":"shipping-taxable","12":"purchasable","13":"product-type-variable"},"jetpack_sharing_enabled":true,"_links":{"self":[{"href":"https:\/\/dp-plomb.fr\/index.php?rest_route=\/wp\/v2\/product\/2895","targetHints":{"allow":["GET"]}}],"collection":[{"href":"https:\/\/dp-plomb.fr\/index.php?rest_route=\/wp\/v2\/product"}],"about":[{"href":"https:\/\/dp-plomb.fr\/index.php?rest_route=\/wp\/v2\/types\/product"}],"replies":[{"embeddable":true,"href":"https:\/\/dp-plomb.fr\/index.php?rest_route=%2Fwp%2Fv2%2Fcomments&post=2895"}],"wp:featuredmedia":[{"embeddable":true,"href":"https:\/\/dp-plomb.fr\/index.php?rest_route=\/wp\/v2\/media\/2841"}],"wp:attachment":[{"href":"https:\/\/dp-plomb.fr\/index.php?rest_route=%2Fwp%2Fv2%2Fmedia&parent=2895"}],"wp:term":[{"taxonomy":"product_brand","embeddable":true,"href":"https:\/\/dp-plomb.fr\/index.php?rest_route=%2Fwp%2Fv2%2Fproduct_brand&post=2895"},{"taxonomy":"product_cat","embeddable":true,"href":"https:\/\/dp-plomb.fr\/index.php?rest_route=%2Fwp%2Fv2%2Fproduct_cat&post=2895"},{"taxonomy":"product_tag","embeddable":true,"href":"https:\/\/dp-plomb.fr\/index.php?rest_route=%2Fwp%2Fv2%2Fproduct_tag&post=2895"}],"curies":[{"name":"wp","href":"https:\/\/api.w.org\/{rel}","templated":true}]}}